{"id":8,"date":"2020-02-13T20:03:22","date_gmt":"2020-02-13T20:03:22","guid":{"rendered":"http:\/\/marketingimwort.de\/?page_id=8"},"modified":"2020-02-19T12:23:12","modified_gmt":"2020-02-19T12:23:12","slug":"vita","status":"publish","type":"page","link":"https:\/\/marketingimwort.de\/?page_id=8","title":{"rendered":"Vita"},"content":{"rendered":"\n<ul class=\"wp-block-list\"><li><strong>Seit 2011<\/strong> <ul><li>Selbst\u00e4ndiger Unternehmensberater mit Schwerpunkt Marketing. Daneben t\u00e4tig als Schriftsteller und Maler. Seit 2017 mehrere Buchver\u00f6ffentlichungen.<\/li><\/ul><\/li><li><strong>2008 &#8211; 2011<\/strong> <ul><li>Marketingleiter f\u00fcr Stomaprodukte mit Personal- und Budgetverantwortung bei einem d\u00e4nisch-amerikanischem Unternehmen in H\u00fcrth. Die Aufgabe: Strategisches Marketing Management in internationalem Umfeld. Hands on. <\/li><\/ul><\/li><li><strong>2002 &#8211; 2008<\/strong> <ul><li>Produktmanager f\u00fcr medizinische Einwegprodukte bei einem mittelst\u00e4ndischem Papier-\/Folienveredler in Bayern. Die Aufgabe: Produktmanagement von A bis Z. Nach diesen sechseinhalb Jahren kann ich Produktmanagement in allen Varianten aus dem Effeff. <\/li><\/ul><\/li><li><strong>1996 &#8211; 2001<\/strong> <ul><li>BWL-Studium mit Schwerpunkt Marketing an der FH Gie\u00dfen-Friedberg, parallel dazu praktische Marketingt\u00e4tigkeit in einem Dentallabor. <\/li><\/ul><\/li><li><strong>1994 &#8211; 1995:<\/strong> <ul><li>Fachabitur Wirtschaft <\/li><\/ul><\/li><li><strong>1991 &#8211; 1994:<\/strong> <ul><li>Ausbildung zum Industriekaufmann in einem metallverarbeitenden Unternehmen in Marburg\/Lahn. <\/li><\/ul><\/li><\/ul>\n\n\n\n<p>Sie finden im Web mehrere ausf\u00fchrliche Profile zu meiner Person.<\/p>\n\n\n\n<figure class=\"wp-block-image is-resized\"><a href=\"http:\/\/www.xing.com\/profile\/Olaf_Trier\" target=\"_blank\" rel=\"noreferrer noopener\"><img loading=\"lazy\" decoding=\"async\" src=\"http:\/\/www.xing.com\/img\/buttons\/3_de_btn.gif\" alt=\"Olaf Trier\" width=\"118\" height=\"23\"\/><\/a><\/figure>\n\n\n\n<p>oder<\/p>\n\n\n\n<figure class=\"wp-block-image\"><img decoding=\"async\" src=\"https:\/\/static.licdn.com\/scds\/common\/u\/img\/webpromo\/btn_viewmy_160x33_de_DE.png?locale=\" alt=\"Profil von Olaf Trier auf LinkedIn anzeigen\"\/><\/figure>\n","protected":false},"excerpt":{"rendered":"<p>Seit 2011 Selbst\u00e4ndiger Unternehmensberater mit Schwerpunkt Marketing. Daneben t\u00e4tig als Schriftsteller und Maler. Seit 2017 mehrere Buchver\u00f6ffentlichungen. 2008 &#8211; 2011 Marketingleiter f\u00fcr Stomaprodukte mit Personal- und Budgetverantwortung bei einem d\u00e4nisch-amerikanischem Unternehmen in H\u00fcrth. Die Aufgabe: Strategisches Marketing Management in internationalem Umfeld. Hands on. 2002 &#8211; 2008 Produktmanager f\u00fcr medizinische Einwegprodukte bei einem mittelst\u00e4ndischem Papier-\/Folienveredler in&hellip; <a class=\"more-link\" href=\"https:\/\/marketingimwort.de\/?page_id=8\"><span class=\"screen-reader-text\">Vita<\/span> weiterlesen<\/a><\/p>\n","protected":false},"author":1,"featured_media":0,"parent":0,"menu_order":0,"comment_status":"closed","ping_status":"closed","template":"","meta":{"footnotes":""},"class_list":["post-8","page","type-page","status-publish","hentry","entry"],"_links":{"self":[{"href":"https:\/\/marketingimwort.de\/index.php?rest_route=\/wp\/v2\/pages\/8","targetHints":{"allow":["GET"]}}],"collection":[{"href":"https:\/\/marketingimwort.de\/index.php?rest_route=\/wp\/v2\/pages"}],"about":[{"href":"https:\/\/marketingimwort.de\/index.php?rest_route=\/wp\/v2\/types\/page"}],"author":[{"embeddable":true,"href":"https:\/\/marketingimwort.de\/index.php?rest_route=\/wp\/v2\/users\/1"}],"replies":[{"embeddable":true,"href":"https:\/\/marketingimwort.de\/index.php?rest_route=%2Fwp%2Fv2%2Fcomments&post=8"}],"version-history":[{"count":3,"href":"https:\/\/marketingimwort.de\/index.php?rest_route=\/wp\/v2\/pages\/8\/revisions"}],"predecessor-version":[{"id":35,"href":"https:\/\/marketingimwort.de\/index.php?rest_route=\/wp\/v2\/pages\/8\/revisions\/35"}],"wp:attachment":[{"href":"https:\/\/marketingimwort.de\/index.php?rest_route=%2Fwp%2Fv2%2Fmedia&parent=8"}],"curies":[{"name":"wp","href":"https:\/\/api.w.org\/{rel}","templated":true}]}}