{"id":51,"date":"2020-02-19T13:05:36","date_gmt":"2020-02-19T13:05:36","guid":{"rendered":"http:\/\/marketingimwort.de\/?page_id=51"},"modified":"2020-02-19T13:06:33","modified_gmt":"2020-02-19T13:06:33","slug":"datenschutzerklaerung","status":"publish","type":"page","link":"https:\/\/marketingimwort.de\/?page_id=51","title":{"rendered":"Datenschutzerkl\u00e4rung"},"content":{"rendered":"\n<p>Ich, Olaf Trier<\/p>\n\n\n\n<p>Neusser Str. 341<\/p>\n\n\n\n<p>50733 K\u00f6ln<\/p>\n\n\n\n<p>Telefon: 0175 2035685<\/p>\n\n\n\n<p>E-Mail: info@olaftrier.de<\/p>\n\n\n\n<p>nehme den Schutz und die Sicherheit Ihrer pers\u00f6nlichen Daten sehr  ernst. Wir halten uns an die aktuellen gesetzlichen  Datenschutzvorgaben\u00a0und damit diese Datenschutzerkl\u00e4rung. Im Folgenden  informieren wir Sie, wie und f\u00fcr welchen Zweck Daten erhoben und  verarbeitet werden.<\/p>\n\n\n\n<ol class=\"wp-block-list\"><li><em> Daten\u00fcbermittlung und Datenprotokollierung:<\/em><\/li><\/ol>\n\n\n\n<p>Beim Besuch unserer Homepage speichert der Web-Server automatisch \nLog-Files, die keiner bestimmten Person zugeordnet werden k\u00f6nnen. \nHierbei handelt es sich beispielsweise um Browsertyp und -version, das \nverwendete Betriebssystem, die zuletzt besuchte Seite (Referrer), die \nIP-Adresse des anfragenden Rechners, Zugriffsdatum und -uhrzeit der \nServeranfrage und die Dateianfrage des Client (Dateiname und URL). Diese\n Daten werden nur zum Zweck der statistischen Auswertung gesammelt. Eine\n Weitergabe an Dritte, zu kommerziellen oder nicht-kommerziellen \nZwecken, findet nicht statt.<\/p>\n\n\n\n<ol class=\"wp-block-list\"><li><em> Nutzung pers\u00f6nlicher Daten<\/em><\/li><\/ol>\n\n\n\n<p>Die Nutzung unserer Webseite ist in der Regel ohne Angabe \npersonenbezogener Daten m\u00f6glich. Pers\u00f6nliche Daten werden nur erhoben \nund verarbeitet, wenn Sie diese Angaben freiwillig machen, also wenn Sie\n uns per E-Mail kontaktieren. Sofern keine erforderlichen Gr\u00fcnde im \nZusammenhang mit Ihrer Anfrage bestehen, k\u00f6nnen Sie jederzeit die zuvor \nerteilte Genehmigung Ihrer pers\u00f6nlichen Datenspeicherung mit sofortiger \nWirkung schriftlich (z.B. per E-Mail, per Brief oder per Fax) \nwiderrufen. Ihre Daten werden nicht an Dritte weitergegeben, es sei \ndenn, eine Weitergabe ist aufgrund gesetzlicher Vorschriften \nerforderlich.<\/p>\n\n\n\n<p>Bitte beachten Sie: Die Daten\u00fcbertragung im Internet (z.B. bei der \nKommunikation per E-Mail) kann Sicherheitsl\u00fccken aufweisen. Ein \nl\u00fcckenloser Schutz der Daten vor dem Zugriff durch Dritte ist nicht \nm\u00f6glich.<\/p>\n\n\n\n<ol class=\"wp-block-list\"><li><em> Auskunft, \u00c4nderung und L\u00f6schung Ihrer Daten<\/em><\/li><\/ol>\n\n\n\n<p>Gem\u00e4\u00df geltendem Recht k\u00f6nnen Sie jederzeit bei uns schriftlich \nnachfragen, ob und welche personenbezogenen Daten bei uns \u00fcber Sie \ngespeichert sind. Eine entsprechende Mitteilung hierzu erhalten Sie \numgehend.<\/p>\n\n\n\n<ol class=\"wp-block-list\"><li><em> Sicherheit Ihrer Daten<\/em><\/li><\/ol>\n\n\n\n<p>Ihre uns zur Verf\u00fcgung gestellten pers\u00f6nlichen Daten werden durch \nErgreifung aller technischen sowie organisatorischen \nSicherheitsma\u00dfnahmen so gesichert, dass sie f\u00fcr den Zugriff \nunberechtigter Dritter unzug\u00e4nglich sind. Bei Versendung von sehr \nsensiblen Gesundheitsdaten, Daten oder Informationen ist es \nempfehlenswert, den Postweg zu nutzen, da eine vollst\u00e4ndige \nDatensicherheit per E-Mail nicht gew\u00e4hrleistet werden kann.<\/p>\n\n\n\n<p>Wenn Sie den Auftrag zur Erbringung einer Dienstleistung oder zur \nZusendung von Waren erteilen, werden Ihre pers\u00f6nlichen Daten nur \ninsoweit erhoben und gespeichert, wie es f\u00fcr die Durchf\u00fchrung der \nDienstleistung oder die Durchf\u00fchrung des Vertrages notwendig ist. Dazu \nkann es erforderlich sein, Ihre pers\u00f6nlichen Daten an Unternehmen \nweiterzugeben, die wir zur Erbringung der Dienstleistung oder zur \nVertragsabwicklung einsetzen. Dies sind z.B. Transportunternehmen oder \nandere Service-Dienste wie etwa Abrechnungsunternehmen.<\/p>\n\n\n\n<ol class=\"wp-block-list\"><li>\u00c4nderungen dieser Datenschutzbestimmungen<\/li><\/ol>\n\n\n\n<p>Diese Richtlinien zum Schutz Ihrer pers\u00f6nlichen Daten werden von Zeit\n zu Zeit aktualisiert. Deshalb sollten Sie sich diese Richtlinien \ngelegentlich ansehen, um auf dem Laufenden dar\u00fcber zu bleiben, wie wir \nIhre Daten sch\u00fctzen und die Inhalte unsrer Webseite stetig verbessern. \nSollten wir wesentliche \u00c4nderungen bei der Sammlung und\/ oder der \nWeitergabe der uns von Ihnen zur Verf\u00fcgung gestellten personenbezogenen \nDaten vornehmen, werden wir Sie durch einen eindeutigen und gut \nsichtbaren Hinweis auf der Webseite darauf aufmerksam machen. Mit der \nNutzung der Webseite erkl\u00e4ren Sie sich mit den Bedingungen dieser \nRichtlinien zum Schutz pers\u00f6nlicher Daten einverstanden.<\/p>\n\n\n\n<p>Stand der Datenschutzerkl\u00e4rung: 19.02.2020<\/p>\n","protected":false},"excerpt":{"rendered":"<p>Ich, Olaf Trier Neusser Str. 341 50733 K\u00f6ln Telefon: 0175 2035685 E-Mail: info@olaftrier.de nehme den Schutz und die Sicherheit Ihrer pers\u00f6nlichen Daten sehr ernst. Wir halten uns an die aktuellen gesetzlichen Datenschutzvorgaben\u00a0und damit diese Datenschutzerkl\u00e4rung. Im Folgenden informieren wir Sie, wie und f\u00fcr welchen Zweck Daten erhoben und verarbeitet werden. Daten\u00fcbermittlung und Datenprotokollierung: Beim Besuch&hellip; <a class=\"more-link\" href=\"https:\/\/marketingimwort.de\/?page_id=51\"><span class=\"screen-reader-text\">Datenschutzerkl\u00e4rung<\/span> weiterlesen<\/a><\/p>\n","protected":false},"author":1,"featured_media":0,"parent":0,"menu_order":0,"comment_status":"closed","ping_status":"closed","template":"","meta":{"footnotes":""},"class_list":["post-51","page","type-page","status-publish","hentry","entry"],"_links":{"self":[{"href":"https:\/\/marketingimwort.de\/index.php?rest_route=\/wp\/v2\/pages\/51","targetHints":{"allow":["GET"]}}],"collection":[{"href":"https:\/\/marketingimwort.de\/index.php?rest_route=\/wp\/v2\/pages"}],"about":[{"href":"https:\/\/marketingimwort.de\/index.php?rest_route=\/wp\/v2\/types\/page"}],"author":[{"embeddable":true,"href":"https:\/\/marketingimwort.de\/index.php?rest_route=\/wp\/v2\/users\/1"}],"replies":[{"embeddable":true,"href":"https:\/\/marketingimwort.de\/index.php?rest_route=%2Fwp%2Fv2%2Fcomments&post=51"}],"version-history":[{"count":3,"href":"https:\/\/marketingimwort.de\/index.php?rest_route=\/wp\/v2\/pages\/51\/revisions"}],"predecessor-version":[{"id":54,"href":"https:\/\/marketingimwort.de\/index.php?rest_route=\/wp\/v2\/pages\/51\/revisions\/54"}],"wp:attachment":[{"href":"https:\/\/marketingimwort.de\/index.php?rest_route=%2Fwp%2Fv2%2Fmedia&parent=51"}],"curies":[{"name":"wp","href":"https:\/\/api.w.org\/{rel}","templated":true}]}}