{"id":14,"date":"2020-02-13T20:07:59","date_gmt":"2020-02-13T20:07:59","guid":{"rendered":"http:\/\/marketingimwort.de\/?page_id=14"},"modified":"2020-12-15T13:53:02","modified_gmt":"2020-12-15T13:53:02","slug":"marketing-im-wort-2","status":"publish","type":"page","link":"https:\/\/marketingimwort.de\/?page_id=14","title":{"rendered":"Wort"},"content":{"rendered":"\n<p>Ich schreibe gerne. Und gut. Die deutsche Sprache ist lebendig und vielf\u00e4ltig. So vielf\u00e4ltig wie unsere Sprache sind auch die M\u00f6glichkeiten, ein Thema zu vermitteln. Leider werden wir medial mit Phrasen, Worth\u00fclsen und Leerstellen \u00fcbersch\u00fcttet. Gerade im Online-Bereich wird Aktualit\u00e4t zum Fetisch ohne Wert. Muss das so sein? Nein.<\/p>\n\n\n\n<p>Es geht auch anders. Gehaltvoll. Diffizil. Und gut verst\u00e4ndlich. \u00dcberraschen Sie Ihr Publikum, die Zielgruppe oder Leserschaft doch mal mit ein paar unkonventionellen Ideen in Textform.<\/p>\n\n\n\n<p>Brauchen Sie Input? Gern. Input kann ich Ihnen jede Menge liefern:<\/p>\n\n\n\n<h5 class=\"wp-block-heading\"><strong>Texte, die auf den Punkt kommen und gleichzeitig den Nerv treffen. Das geht, sogar schmerzfrei.<br><\/strong><\/h5>\n\n\n\n<ul class=\"wp-block-list\"><li>F\u00fcr Webseiten, Brosch\u00fcren, Flyer, Blogs&#8230; Informativ und verst\u00e4ndlich. Ich vermittele zielgruppengerecht, strukturiert und gut lesbar Ihre Themen. Das k\u00f6nnen Produkte, Dienstleistungen oder einfach nur tolle Ideen sein.<\/li><li>Sie reden vor Publikum und wollen sich ins Ged\u00e4chtnis Ihrer Zuh\u00f6rer einbrennen? \u00dcberraschen Sie Ihr Publikum mit ein paar ungew\u00f6hnlichen Varianten zu Ihrem Redethema. Ohne Worth\u00fclsen, daf\u00fcr mit Augenzwinkern und Einf\u00e4llen, die sich im Ged\u00e4chtnis einbrennen.<\/li><li>Sie wollen es unterhaltsam, informativ und gern auch lustig? Kriegen Sie. Hier ist ein Beispiel f\u00fcr kurzweilige Unterhaltung, <a href=\"http:\/\/www.entdeckerunterwegs.de\">meinen Entdecker-Blog<\/a>.<\/li><\/ul>\n\n\n\n<h5 class=\"wp-block-heading\"><strong>Storytelling f\u00fcr Ihr Produkt<\/strong>.<\/h5>\n\n\n\n<ul class=\"wp-block-list\"><li>Der Rahmen f\u00fcr ihr Produkt, das Marketingkonzept, umfasst auch die Positionierung Ihres Unternehmens, Produkte\/Dienstleistungen, Werten und vieles mehr. Diese Positionierung ist erst rund, wenn alle Bestandteile in den Augen des Kunden zusammenpassen. Neudeutsch nennt sich das Storytelling. Diese Erz\u00e4hlung kann ich liefern. Schwarz auf Wei\u00df. Ihr Kunde wird den Unterschied merken. Ohne die \u00fcblichen, reichlich abgenudelten Worth\u00fclsen wie <em>Innovativ<\/em> und <em>Optimal<\/em>. Liefern statt versprechen.<\/li><\/ul>\n\n\n\n<h5 class=\"wp-block-heading\"><strong>Ghostwriting<\/strong><\/h5>\n\n\n\n<ul class=\"wp-block-list\"><li>Sie haben eine Thema im Kopf und wollen es in Schriftform ver\u00f6ffentlichen? Aber die Zeit fehlt? Ich liefere Ihnen den gew\u00fcnschten Inhalt.<\/li><\/ul>\n\n\n\n<p><\/p>\n\n\n\n<ul class=\"wp-block-list\"><li><em>Ich wei\u00df, es ist schwer zu verstehen, aber alle Anfragen zum Schreiben von Doktor-, Master- oder Bachelorarbeiten landen im M\u00fcll. F\u00fcr diesen Schwachsinn gibt es genug andere Anbieter.<\/em><\/li><\/ul>\n","protected":false},"excerpt":{"rendered":"<p>Ich schreibe gerne. Und gut. Die deutsche Sprache ist lebendig und vielf\u00e4ltig. So vielf\u00e4ltig wie unsere Sprache sind auch die M\u00f6glichkeiten, ein Thema zu vermitteln. Leider werden wir medial mit Phrasen, Worth\u00fclsen und Leerstellen \u00fcbersch\u00fcttet. Gerade im Online-Bereich wird Aktualit\u00e4t zum Fetisch ohne Wert. Muss das so sein? Nein. Es geht auch anders. Gehaltvoll. Diffizil.&hellip; <a class=\"more-link\" href=\"https:\/\/marketingimwort.de\/?page_id=14\"><span class=\"screen-reader-text\">Wort<\/span> weiterlesen<\/a><\/p>\n","protected":false},"author":1,"featured_media":0,"parent":0,"menu_order":0,"comment_status":"closed","ping_status":"closed","template":"","meta":{"footnotes":""},"class_list":["post-14","page","type-page","status-publish","hentry","entry"],"_links":{"self":[{"href":"https:\/\/marketingimwort.de\/index.php?rest_route=\/wp\/v2\/pages\/14","targetHints":{"allow":["GET"]}}],"collection":[{"href":"https:\/\/marketingimwort.de\/index.php?rest_route=\/wp\/v2\/pages"}],"about":[{"href":"https:\/\/marketingimwort.de\/index.php?rest_route=\/wp\/v2\/types\/page"}],"author":[{"embeddable":true,"href":"https:\/\/marketingimwort.de\/index.php?rest_route=\/wp\/v2\/users\/1"}],"replies":[{"embeddable":true,"href":"https:\/\/marketingimwort.de\/index.php?rest_route=%2Fwp%2Fv2%2Fcomments&post=14"}],"version-history":[{"count":5,"href":"https:\/\/marketingimwort.de\/index.php?rest_route=\/wp\/v2\/pages\/14\/revisions"}],"predecessor-version":[{"id":93,"href":"https:\/\/marketingimwort.de\/index.php?rest_route=\/wp\/v2\/pages\/14\/revisions\/93"}],"wp:attachment":[{"href":"https:\/\/marketingimwort.de\/index.php?rest_route=%2Fwp%2Fv2%2Fmedia&parent=14"}],"curies":[{"name":"wp","href":"https:\/\/api.w.org\/{rel}","templated":true}]}}