{"id":12,"date":"2020-02-13T20:07:33","date_gmt":"2020-02-13T20:07:33","guid":{"rendered":"http:\/\/marketingimwort.de\/?page_id=12"},"modified":"2020-02-13T20:07:33","modified_gmt":"2020-02-13T20:07:33","slug":"kunden","status":"publish","type":"page","link":"https:\/\/marketingimwort.de\/?page_id=12","title":{"rendered":"Kunden"},"content":{"rendered":"\n<h5 class=\"wp-block-heading\"><strong>Dorothea Springer, Unternehmens- und Personalberatung, Pulheim<\/strong><\/h5>\n\n\n\n<p>Dorothea Springer ist der Leuchtturm im Finanz- und Rechnungswesen. Wo andere kein Land mehr sehen, sorgt die tatkr\u00e4ftige Unternehmens- und Personalberaterin f\u00fcr Durchblick und Ordnung, f\u00fchrt F\u00fchrungskr\u00e4fte und Mitarbeiter durch das Zahlenmeer und baut sturmfeste Strukturen bei Ihren Kunden auf.<\/p>\n\n\n\n<p><em>Projektinhalte:<\/em> Texterstellung f\u00fcr verschiedene Vermarktungszwecke; Konzeption und Umsetzung der CI inklusive Webseite &amp; Visitenkarte.<\/p>\n\n\n\n<p><a href=\"https:\/\/dorotheaspringer.de\/\">Hier erfahren Sie mehr \u00fcber Dorothea Springer.<\/a><\/p>\n\n\n\n<h5 class=\"wp-block-heading\"><strong>Burkhard Kohl, Unternehmensberater, Bonn<\/strong><\/h5>\n\n\n\n<p>Burkhard Kohl ist der Experte f\u00fcr Managementsysteme. Wenn es in der Aufbau- und Ablauforganisation hakt, deckt er die Schwachstellen auf und baut belastbare Strukturen auf. Kurz gesagt: Er bringt Unternehmensstrukturen und menschliches Verhalten in Einklang.<\/p>\n\n\n\n<p><em>Projektinhalte:<\/em> Entwicklung neuer Dienstleistungen und deren Vermarktung; Texterstellung f\u00fcr verschiedene Vermarktungszwecke und Zielgruppen;&nbsp; Konzeption und Umsetzung der CI inkl. Webseite &amp; Visitenkarte.<\/p>\n\n\n\n<p><a href=\"https:\/\/managementberatungburkhardkohl.de\/\">Hier erfahren Sie mehr \u00fcber Burkhard Kohl und seinen Leistungen<\/a><a href=\"https:\/\/managementberatungburkhardkohl.de\/\">.&nbsp;<\/a><\/p>\n\n\n\n<h5 class=\"wp-block-heading\"><strong>Maicon GmbH, Consulting &amp; IT-Services, Troisdorf<\/strong><\/h5>\n\n\n\n<p>Die Maicon GmbH ist die Unternehmensberatung mit dem Systemischen Ansatz. Die aus unz\u00e4hligen Projekten gewonnene Kompetenz in Bereichen wie Qualit\u00e4tsmanagement und betriebliches Gesundheitsmanagement verbunden mit der vernetzten Denkweise machen die Maicon GmbH zu einem einzigartigen Projektpartner.<\/p>\n\n\n\n<p><em>Projektinhalte:<\/em> Entwicklung neuer Dienstleistungen und deren Vermarktung; Texterstellung f\u00fcr verschiedene Vermarktungszwecke; Konzeption und Umsetzung einer Brosch\u00fcre zur zielgruppengerechten Darstellung der angebotenen Dienstleistungen.<\/p>\n\n\n\n<p><a href=\"http:\/\/www.maicon-gmbh.de\/\">Hier erfahren Sie mehr \u00fcber die Maicon GmbH.<\/a><\/p>\n\n\n\n<h5 class=\"wp-block-heading\"><strong>Marcus Broemel Consulting, K\u00f6ln<\/strong><\/h5>\n\n\n\n<p>Marcus Broemel ist einer der wenigen Spezialisten im Bereich des SAP HCM Application Management. \u00dcber 15 Jahre Erfahrung in der Human Resources IT Beratung und seine tiefen Einblicke in die sehr speziellen SAP Tools in diesem Bereich sprechen f\u00fcr sich.<\/p>\n\n\n\n<p><em>Projektinhalte:<\/em> Konzeption und Umsetzung der CI inklusive Webseite &amp; Visitenkarte.<\/p>\n\n\n\n<p><a href=\"https:\/\/www.marcusbroemel.de\/\">Hier erfahren Sie mehr \u00fcber Marcus Broemel und seine Leistungen.<\/a><\/p>\n","protected":false},"excerpt":{"rendered":"<p>Dorothea Springer, Unternehmens- und Personalberatung, Pulheim Dorothea Springer ist der Leuchtturm im Finanz- und Rechnungswesen. Wo andere kein Land mehr sehen, sorgt die tatkr\u00e4ftige Unternehmens- und Personalberaterin f\u00fcr Durchblick und Ordnung, f\u00fchrt F\u00fchrungskr\u00e4fte und Mitarbeiter durch das Zahlenmeer und baut sturmfeste Strukturen bei Ihren Kunden auf. Projektinhalte: Texterstellung f\u00fcr verschiedene Vermarktungszwecke; Konzeption und Umsetzung der&hellip; <a class=\"more-link\" href=\"https:\/\/marketingimwort.de\/?page_id=12\"><span class=\"screen-reader-text\">Kunden<\/span> weiterlesen<\/a><\/p>\n","protected":false},"author":1,"featured_media":0,"parent":0,"menu_order":0,"comment_status":"closed","ping_status":"closed","template":"","meta":{"footnotes":""},"class_list":["post-12","page","type-page","status-publish","hentry","entry"],"_links":{"self":[{"href":"https:\/\/marketingimwort.de\/index.php?rest_route=\/wp\/v2\/pages\/12","targetHints":{"allow":["GET"]}}],"collection":[{"href":"https:\/\/marketingimwort.de\/index.php?rest_route=\/wp\/v2\/pages"}],"about":[{"href":"https:\/\/marketingimwort.de\/index.php?rest_route=\/wp\/v2\/types\/page"}],"author":[{"embeddable":true,"href":"https:\/\/marketingimwort.de\/index.php?rest_route=\/wp\/v2\/users\/1"}],"replies":[{"embeddable":true,"href":"https:\/\/marketingimwort.de\/index.php?rest_route=%2Fwp%2Fv2%2Fcomments&post=12"}],"version-history":[{"count":1,"href":"https:\/\/marketingimwort.de\/index.php?rest_route=\/wp\/v2\/pages\/12\/revisions"}],"predecessor-version":[{"id":13,"href":"https:\/\/marketingimwort.de\/index.php?rest_route=\/wp\/v2\/pages\/12\/revisions\/13"}],"wp:attachment":[{"href":"https:\/\/marketingimwort.de\/index.php?rest_route=%2Fwp%2Fv2%2Fmedia&parent=12"}],"curies":[{"name":"wp","href":"https:\/\/api.w.org\/{rel}","templated":true}]}}